{"id":3199,"date":"2022-02-16T12:41:13","date_gmt":"2022-02-16T12:41:13","guid":{"rendered":"https:\/\/www.ericpetr.net\/%e8%91%97%e8%80%85%e3%81%ae%e6%9c%ac%e9%9b%86\/"},"modified":"2026-01-24T12:41:29","modified_gmt":"2026-01-24T12:41:29","slug":"%e5%86%99%e7%9c%9f%e9%9b%86","status":"publish","type":"page","link":"https:\/\/www.ericpetr.net\/ja\/%e5%86%99%e7%9c%9f%e9%9b%86\/","title":{"rendered":"\u5199\u771f\u96c6"},"content":{"rendered":"\n<figure class=\"wp-block-image size-large\"><img loading=\"lazy\" decoding=\"async\" width=\"1024\" height=\"682\" src=\"https:\/\/www.ericpetr.net\/wp-content\/uploads\/2021\/12\/EP_Spirituelles-O_Livre1-1024x682.jpg\" alt=\"\u30a8\u30ea\u30c3\u30af\u30da\u30c8\u30eb | \u30b9\u30d4\u30ea\u30c1\u30e5\u30a2\u30eb\u30aa\u30c7\u30c3\u30bb\u30a4\u306f\u756a\u53f7\u304c\u4ed8\u3051\u3089\u308c\u7f72\u540d\u3055\u308c\u305f\u672c\u96c6\" class=\"wp-image-162\" srcset=\"https:\/\/www.ericpetr.net\/wp-content\/uploads\/2021\/12\/EP_Spirituelles-O_Livre1-1024x682.jpg 1024w, https:\/\/www.ericpetr.net\/wp-content\/uploads\/2021\/12\/EP_Spirituelles-O_Livre1-300x200.jpg 300w, https:\/\/www.ericpetr.net\/wp-content\/uploads\/2021\/12\/EP_Spirituelles-O_Livre1-768x511.jpg 768w, https:\/\/www.ericpetr.net\/wp-content\/uploads\/2021\/12\/EP_Spirituelles-O_Livre1-1536x1022.jpg 1536w, https:\/\/www.ericpetr.net\/wp-content\/uploads\/2021\/12\/EP_Spirituelles-O_Livre1.jpg 1600w\" sizes=\"auto, (max-width: 767px) 89vw, (max-width: 1000px) 54vw, (max-width: 1071px) 543px, 580px\" \/><figcaption class=\"wp-element-caption\"><em>\u30b9\u30d4\u30ea\u30c1\u30e5\u30a2\u30eb\u30aa\u30c7\u30c3\u30bb\u30a42017\u3001\u00c9ditions Corridor \u00c9l\u00e9phant\u306b\u3088\u308b\u5199\u771f\u96c6\u3001\u30a8\u30ea\u30c3\u30af\u30da\u30fc\u30c8\u30eb <\/em><\/figcaption><\/figure>\n\n\n\n<h4 class=\"wp-block-heading\" id=\"spirituelles-odyssees-le-livreeric-petr-photographies\">\u30b9\u30d4\u30ea\u30c1\u30e5\u30a2\u30eb\u30fb\u30aa\u30c7\u30c3\u30bb\u30fc<br>\u30a8\u30ea\u30c3\u30af\u30da\u30fc\u30c8\u30eb\u306e\u30a2\u30fc\u30c8\u5199\u771f\u96c6<\/h4>\n\n\n\n<p>CORRIDOR \u00c9L\u00c9PHANT\u304b\u3089\u767a\u884c\u3055\u308c\u305f108\u30da\u30fc\u30b8\u306e\u5199\u771f\u96c6\u3067\u3059\u3002<br>250\u518a\u306e\u9650\u5b9a\u7248\u3067\u3001\u901a\u3057\u756a\u53f7\u3068\u30b5\u30a4\u30f3\u304c\u5165\u3063\u3066\u3044\u307e\u3059\u3002<\/p>\n\n\n\n<p>\u3053\u306e\u30a2\u30fc\u30c8\u5199\u771f\u96c6\u306f\u5149\u306b\u53d6\u308a\u7d44\u3080\u305f\u3081\u306b36\u679a\u306e\u5199\u771f170g\u306e\u7528\u7d19\u306b\u5370\u5237\u3092\u63d0\u793a\u3057\u3001\u305d\u306e\u7d50\u679c\u3001\u5199\u771f\u3068\u540c\u3058\u304f\u3089\u3044\u591a\u304f\u306e\u7d75\u3092\u63cf\u304d\u307e\u3059\u3002<\/p>\n\n\n\n<p>\u5199\u771f\u306b\u306f\u82b8\u8853\u8a55\u8ad6\u5bb6Jean-Paul Gavard-Perret\u306e\u8a55\u8ad6\u3082\u8f09\u3063\u3066\u304a\u308a\u3001\u7de8\u96c6\u8005CORRIDOR \u00c9L\u00c9PHANT\u306e\u5e8f\u6587\u3068\u30a2\u30fc\u30c6\u30a3\u30b9\u30c8\u81ea\u8eab\u306e\u8a00\u8449\u304c\u6dfb\u3048\u3089\u308c\u3066\u3044\u307e\u3059\u3002<\/p>\n\n\n\n<p>\u305d\u3057\u3066\u30a2\u30fc\u30c6\u30a3\u30b9\u30c8\u306e\u30a4\u30f3\u30bf\u30d3\u30e5\u30fc\u3067\u7de0\u3081\u304f\u304f\u3089\u308c\u3066\u3044\u307e\u3059\u3002<\/p>\n\n\n\n<p>\u3053\u306e\u5199\u771f\u96c6\u306f\u9650\u5b9a\u7248\u3067\u3001\u756a\u53f7\u304c\u4ed8\u3051\u3089\u308c\u3001\u7f72\u540d\u3055\u308c\u3066\u8cfc\u5165\u3067\u304d\u307e\u3059\u3002<\/p>\n\n\n\n<p>\u30e1\u30fc\u30eb\u3067\u306e\u304a\u554f\u3044\u5408\u308f\u305b\u306b\u3082\u5bfe\u5fdc\u3044\u305f\u3057\u307e\u3059\u306e\u3067\u4e0d\u660e\u306a\u70b9\u306f\u304a\u6c17\u8efd\u306b\u304a\u554f\u3044\u5408\u308f\u305b\u304f\u3060\u3055\u3044\u3002\u65e5\u672c\u8a9e\u62c5\u5f53\u8005\u304c\u304a\u8fd4\u4e8b\u3044\u305f\u3057\u307e\u3059\u3002<\/p>\n\n\n\n<div style=\"height:35px\" aria-hidden=\"true\" class=\"wp-block-spacer\"><\/div>\n\n\n\n<p style=\"font-size:18px\">\u5199\u771f\u96c6\u306e\u4fa1\u683c<br>\u5199\u771f\u96c6\u3001\u20ac 35\u00a0 <br>\u914d\u9054\u6599\u91d1\u3001\u20ac 20 <br>&#8212;&#8212;&#8212;&#8212;&#8212;&#8211; <br><strong>\u5408\u8a08\u3001\u20ac 55<\/strong><\/p>\n\n\n\n<h4 class=\"wp-block-heading\">\u672c\u306e\u3054\u8cfc\u5165\u3084\u3054\u81ea\u5b85\u3078\u306e\u767a\u9001\u306b\u3064\u3044\u3066\u306f\u3001\u304a\u6c17\u8efd\u306b\u3054\u9023\u7d61\u304f\u3060\u3055\u3044\u3002<\/h4>\n\n\n\n<div style=\"height:20px\" aria-hidden=\"true\" class=\"wp-block-spacer\"><\/div>\n\n\n\n<h2 class=\"wp-block-heading\" id=\"teaser-du-livre-spirituelles-odyssees\">\u6620\u50cf\u3067\u4f5c\u54c1\u306e\u4e00\u90e8\u3092\u7d39\u4ecb\u3057\u3066\u3044\u307e\u3059 <\/h2>\n\n\n<p><iframe loading=\"lazy\" src=\"https:\/\/player.vimeo.com\/video\/192532569?h=ccbc4b9f15\" allow=\"autoplay; fullscreen; picture-in-picture\" allowfullscreen=\"\" width=\"640\" height=\"360\" frameborder=\"0\"><\/iframe><\/p>\n<p><a href=\"https:\/\/vimeo.com\/192532569\">\u30b9\u30d4\u30ea\u30c1\u30e5\u30a2\u30eb\u30fb\u30aa\u30c7\u30c3\u30bb\u30fc \u306eERICPETR\u306e\u5199\u771f\u96c6<\/a> <a href=\"https:\/\/vimeo.com\">Vimeo<\/a>\u306e<a href=\"https:\/\/vimeo.com\/corridorelephant\">CORRIDORELEPHANT<\/a><\/p>\n","protected":false},"excerpt":{"rendered":"<p>\u30b9\u30d4\u30ea\u30c1\u30e5\u30a2\u30eb\u30fb\u30aa\u30c7\u30c3\u30bb\u30fc\u30a8\u30ea\u30c3\u30af\u30da\u30fc\u30c8\u30eb\u306e\u30a2\u30fc\u30c8\u5199\u771f\u96c6 CORRIDOR \u00c9L\u00c9PHANT\u304b\u3089\u767a\u884c\u3055\u308c\u305f108\u30da\u30fc\u30b8\u306e\u5199\u771f\u96c6\u3067\u3059\u3002250\u518a\u306e\u9650\u5b9a\u7248\u3067\u3001\u901a\u3057\u756a\u53f7\u3068\u30b5\u30a4\u30f3\u304c\u5165\u3063\u3066\u3044\u307e\u3059\u3002 \u3053\u306e\u30a2\u30fc\u30c8\u5199\u771f\u96c6\u306f\u5149\u306b\u53d6\u308a\u7d44\u3080\u305f\u3081 &hellip; <\/p>\n<p class=\"link-more\"><a href=\"https:\/\/www.ericpetr.net\/ja\/%e5%86%99%e7%9c%9f%e9%9b%86\/\" class=\"more-link\"><span class=\"screen-reader-text\">&#8220;\u5199\u771f\u96c6&#8221; \u306e<\/span>\u7d9a\u304d\u3092\u8aad\u3080<\/a><\/p>\n","protected":false},"author":1,"featured_media":0,"parent":0,"menu_order":0,"comment_status":"closed","ping_status":"closed","template":"","meta":{"footnotes":""},"class_list":["post-3199","page","type-page","status-publish","hentry"],"_links":{"self":[{"href":"https:\/\/www.ericpetr.net\/ja\/wp-json\/wp\/v2\/pages\/3199","targetHints":{"allow":["GET"]}}],"collection":[{"href":"https:\/\/www.ericpetr.net\/ja\/wp-json\/wp\/v2\/pages"}],"about":[{"href":"https:\/\/www.ericpetr.net\/ja\/wp-json\/wp\/v2\/types\/page"}],"author":[{"embeddable":true,"href":"https:\/\/www.ericpetr.net\/ja\/wp-json\/wp\/v2\/users\/1"}],"replies":[{"embeddable":true,"href":"https:\/\/www.ericpetr.net\/ja\/wp-json\/wp\/v2\/comments?post=3199"}],"version-history":[{"count":19,"href":"https:\/\/www.ericpetr.net\/ja\/wp-json\/wp\/v2\/pages\/3199\/revisions"}],"predecessor-version":[{"id":7091,"href":"https:\/\/www.ericpetr.net\/ja\/wp-json\/wp\/v2\/pages\/3199\/revisions\/7091"}],"wp:attachment":[{"href":"https:\/\/www.ericpetr.net\/ja\/wp-json\/wp\/v2\/media?parent=3199"}],"curies":[{"name":"wp","href":"https:\/\/api.w.org\/{rel}","templated":true}]}}