{"id":2527,"date":"2021-12-21T17:22:22","date_gmt":"2021-12-21T17:22:22","guid":{"rendered":"https:\/\/www.ericpetr.net\/gallery\/the-80s\/"},"modified":"2022-02-19T16:34:15","modified_gmt":"2022-02-19T16:34:15","slug":"the-80s","status":"publish","type":"page","link":"https:\/\/www.ericpetr.net\/en\/gallery\/the-80s\/","title":{"rendered":"The 80s"},"content":{"rendered":"\n<p><\/p>\n\n\n\n<div class=\"alignnormal\"><div id=\"metaslider-id-415\" style=\"width: 100%;\" class=\"ml-slider-3-109-0 metaslider metaslider-nivo metaslider-415 ml-slider has-dots-nav ms-theme-default\" role=\"region\" aria-label=\"Les ann\u00e9es quatre-vingts\" data-height=\"533\" data-width=\"800\">\n    <div id=\"metaslider_container_415\">\n        <div class='slider-wrapper theme-default'><div class='ribbon'><\/div><div id='metaslider_415' class='nivoSlider'><img loading=\"lazy\" decoding=\"async\" src=\"https:\/\/www.ericpetr.net\/wp-content\/uploads\/2021\/12\/EP03-800x533.jpg\" height=\"533\" width=\"800\" title=\"EP_Beaubourg3-Paris-NikonF3\" alt=\"\u00c9ric Petr | Baubourg Paris (Nikon F3) Ann\u00e9es 80\" class=\"slider-415 slide-479 msDefaultImage\" \/><img loading=\"lazy\" decoding=\"async\" src=\"https:\/\/www.ericpetr.net\/wp-content\/uploads\/2021\/12\/EP02-800x533.jpg\" height=\"533\" width=\"800\" title=\"EP_Beaubourg1-Paris-NikonF3\" alt=\"\u00c9ric Petr | Baubourg Paris (Nikon F3) Ann\u00e9es 80\" class=\"slider-415 slide-478 msDefaultImage\" \/><img loading=\"lazy\" decoding=\"async\" src=\"https:\/\/www.ericpetr.net\/wp-content\/uploads\/2021\/12\/EP04-752x501.jpg\" height=\"533\" width=\"800\" title=\"EP_Cyclades1-Gr\u00e8ce-NikonF3\" alt=\"\u00c9ric Petr | Cyclades Gr\u00e8ce (Nikon F3) Ann\u00e9es 80\" class=\"slider-415 slide-480 msDefaultImage\" \/><img loading=\"lazy\" decoding=\"async\" src=\"https:\/\/www.ericpetr.net\/wp-content\/uploads\/2021\/12\/EP08-800x533.jpg\" height=\"533\" width=\"800\" title=\"EP_Cyclades8-Gr\u00e8ce-NikonF3\" alt=\"\u00c9ric Petr | Cyclades Gr\u00e8ce (Nikon F3) Ann\u00e9es 80\" class=\"slider-415 slide-483 msDefaultImage\" \/><img loading=\"lazy\" decoding=\"async\" src=\"https:\/\/www.ericpetr.net\/wp-content\/uploads\/2021\/12\/EP26-800x533.jpg\" height=\"533\" width=\"800\" title=\"EP_Paris-226-NikonF3\" alt=\"\u00c9ric Petr | Paris La Villette (Nikon F3) Ann\u00e9es 80\" class=\"slider-415 slide-495 msDefaultImage\" \/><img loading=\"lazy\" decoding=\"async\" src=\"https:\/\/www.ericpetr.net\/wp-content\/uploads\/2021\/12\/EP05-800x533.jpg\" height=\"533\" width=\"800\" title=\"EP_Paris-172-NikonF3\" alt=\"\u00c9ric Petr | Architecture (Nikon F3) Paris La Villette Ann\u00e9es 80\" class=\"slider-415 slide-481 msDefaultImage\" \/><img loading=\"lazy\" decoding=\"async\" src=\"https:\/\/www.ericpetr.net\/wp-content\/uploads\/2021\/12\/EP06-752x501.jpg\" height=\"533\" width=\"800\" title=\"EP_Paris-176-NikonF3\" alt=\"\u00c9ric Petr | Architecture (Nikon F3) Paris La Villette Ann\u00e9es 80\" class=\"slider-415 slide-482 msDefaultImage\" \/><img loading=\"lazy\" decoding=\"async\" src=\"https:\/\/www.ericpetr.net\/wp-content\/uploads\/2021\/12\/EP10-800x533.jpg\" height=\"533\" width=\"800\" title=\"EP_Paris-206-NikonF3\" alt=\"\u00c9ric Petr | Paris (Nikon F3) Une Star des Ann\u00e9es 80\" class=\"slider-415 slide-484 msDefaultImage\" \/><img loading=\"lazy\" decoding=\"async\" src=\"https:\/\/www.ericpetr.net\/wp-content\/uploads\/2021\/12\/EP11-800x533.jpg\" height=\"533\" width=\"800\" title=\"EP_Paris-116-NikonF3\" alt=\"\u00c9ric Petr | Diffraction (Nikon F3) Paris Ann\u00e9es 80\" class=\"slider-415 slide-485 msDefaultImage\" \/><img loading=\"lazy\" decoding=\"async\" src=\"https:\/\/www.ericpetr.net\/wp-content\/uploads\/2021\/12\/EP12-800x533.jpg\" height=\"533\" width=\"800\" title=\"EP_Paris-120-NikonF3\" alt=\"\u00c9ric Petr | Diffraction (Nikon F3) Paris Ann\u00e9es 80\" class=\"slider-415 slide-486 msDefaultImage\" \/><img loading=\"lazy\" decoding=\"async\" src=\"https:\/\/www.ericpetr.net\/wp-content\/uploads\/2021\/12\/EP13-782x521.jpg\" height=\"533\" width=\"800\" title=\"EP_Province-097-NikonF3\" alt=\"\u00c9ric Petr | Sisteron (Nikon F3) Ann\u00e9es 80\" class=\"slider-415 slide-487 msDefaultImage\" \/><img loading=\"lazy\" decoding=\"async\" src=\"https:\/\/www.ericpetr.net\/wp-content\/uploads\/2021\/12\/EP14-800x533.jpg\" height=\"533\" width=\"800\" title=\"EP_Province-102-NikonF3\" alt=\"\u00c9ric Petr | Sisteron (Nikon F3) Ann\u00e9es 80\" class=\"slider-415 slide-488 msDefaultImage\" \/><img loading=\"lazy\" decoding=\"async\" src=\"https:\/\/www.ericpetr.net\/wp-content\/uploads\/2021\/12\/EP16-800x533.jpg\" height=\"533\" width=\"800\" title=\"EP_Province-089-NikonF3\" alt=\"\u00c9ric Petr | Sisteron (Nikon F3) Ann\u00e9es 80\" class=\"slider-415 slide-490 msDefaultImage\" \/><img loading=\"lazy\" decoding=\"async\" src=\"https:\/\/www.ericpetr.net\/wp-content\/uploads\/2021\/12\/EP15-800x533.jpg\" height=\"533\" width=\"800\" title=\"EP_Province-157-NikonF3\" alt=\"\u00c9ric Petr | Provence (Nikon F3) Ann\u00e9es 80\" class=\"slider-415 slide-489 msDefaultImage\" \/><img loading=\"lazy\" decoding=\"async\" src=\"https:\/\/www.ericpetr.net\/wp-content\/uploads\/2021\/12\/EP25-800x533.jpg\" height=\"533\" width=\"800\" title=\"EP_Cyclades25-Gr\u00e8ce-NikonF3\" alt=\"\u00c9ric Petr | Cyclades Gr\u00e8ce (Nikon F3) Ann\u00e9es 80\" class=\"slider-415 slide-494 msDefaultImage\" \/><img loading=\"lazy\" decoding=\"async\" src=\"https:\/\/www.ericpetr.net\/wp-content\/uploads\/2021\/12\/EP22-800x533.jpg\" height=\"533\" width=\"800\" title=\"EP_Cyclades28-Gr\u00e8ce-NikonF3\" alt=\"\u00c9ric Petr | Cyclades Gr\u00e8ce (Nikon F3) Ann\u00e9es 80\" class=\"slider-415 slide-492 msDefaultImage\" \/><img loading=\"lazy\" decoding=\"async\" src=\"https:\/\/www.ericpetr.net\/wp-content\/uploads\/2021\/12\/EP20-800x533.jpg\" height=\"533\" width=\"800\" title=\"EP_Cyclades22-Gr\u00e8ce-NikonF3\" alt=\"\u00c9ric Petr | Cyclades Gr\u00e8ce (Nikon F3) Ann\u00e9es 80\" class=\"slider-415 slide-491 msDefaultImage\" \/><img loading=\"lazy\" decoding=\"async\" src=\"https:\/\/www.ericpetr.net\/wp-content\/uploads\/2021\/12\/EP23-800x533.jpg\" height=\"533\" width=\"800\" title=\"EP_Prague-563-NikonF3\" alt=\"\u00c9ric Petr | Prague (Nikon F3) Ann\u00e9es 80\" class=\"slider-415 slide-493 msDefaultImage\" \/><img loading=\"lazy\" decoding=\"async\" src=\"https:\/\/www.ericpetr.net\/wp-content\/uploads\/2021\/12\/EP01-800x533.jpg\" height=\"533\" width=\"800\" title=\"EP_0x7077\" alt=\"\u00c9ric Petr | 0x7077 Variations de Lumi\u00e8re opus 0 (Nikon F3) Le Lavandou Ann\u00e9es 80\" class=\"slider-415 slide-477 msDefaultImage\" \/><img loading=\"lazy\" decoding=\"async\" src=\"https:\/\/www.ericpetr.net\/wp-content\/uploads\/2021\/12\/EP27-800x533.jpg\" height=\"533\" width=\"800\" title=\"EP_Autoportrait-1985-NikonF3\" alt=\"\u00c9ric Petr | Autoportrait 1985 (Nikon F3)\" class=\"slider-415 slide-496 msDefaultImage\" \/><\/div><\/div>\n        \n    <\/div>\n<\/div><\/div>\n\n\n\n<p class=\"has-text-align-center has-small-font-size\"><meta http-equiv=\"content-type\" content=\"text\/html; charset=utf-8\"><em>You can enlarge the image by zooming[Ctrl] and [+]<\/em><br><\/p>\n\n\n\n<div style=\"height:100px\" aria-hidden=\"true\" class=\"wp-block-spacer\"><\/div>\n\n\n\n<p>Very young, at the age of 7, I started photography. My parents gladly gave me the camera to memorize family scenes. I strayed from time to time to personal compositions with instructions not to abuse because the film and the development were expensive at the time.<\/p>\n\n\n\n<p>But it was at the age of 23 that photography became a passion bordering on neurosis.<br>I made my debut with 2 Praktica which allowed me to juggle film and lenses.<\/p>\n\n\n\n<p>The passion turned to obsession to the point that I had to deprive myself enormously to buy a Nikon F3 and a Nikon FM and satisfy this thirst.<br>I remember that the price of a Nikon F3, bare body, corresponded at the time to a little more than a month of a good salary!<\/p>\n\n\n\n<p>At that time, I was in a photo club at the A\u00e9roport de Paris which had great equipment for taking photos.<br>There was photographic equipment but also two fairly large laboratories; a black and white lab and a color lab with a printing device for Cibachrome.<br>But the color, you have to be methodical and meticulous, there is the temperature to respect scrupulously, it is a little stressful. I preferred black and white, there is less pressure. And then, that was good, I really preferred the monochrome image to the color one. After work, I would spend my nights in this lab. It was a good time. The time when we have enough energy to do whatever we want.<br>Sometimes to save time, I developed my films at home. But since it was a very small apartment near the Buttes Chaumont in Paris, I didn&#8217;t have a place in the dark. The toilets and the bathroom were far too bright.<br>So, I developed my films in my wardrobe \ud83d\ude00 You would have seen the mess (laughs) \u2026 I could barely fit in there, it must have been barely 1 square meter!<br>You really had to be crazy about photos and also quite thin \ud83d\ude42<\/p>\n\n\n\n<p>I wanted to post here a selection of my photographs from the 80s. These are early works where discourse and dramaturgy are missing, but looking at them, I can already see my photography of today taking shape.<\/p>\n\n\n\n<p>Photography is above all an Eye and the earlier we start, the more we exercise our gaze, exactly like a painter or a writer.<\/p>\n","protected":false},"excerpt":{"rendered":"<p>You can enlarge the image by zooming[Ctrl] and [+] Very young, at the age of 7, I started photography. My parents gladly gave me the camera to memorize family scenes. I strayed from time to time to personal compositions with instructions not to abuse because the film and the development were expensive at the time. &hellip; <\/p>\n<p class=\"link-more\"><a href=\"https:\/\/www.ericpetr.net\/en\/gallery\/the-80s\/\" class=\"more-link\">Continue reading<span class=\"screen-reader-text\"> &#8220;The 80s&#8221;<\/span><\/a><\/p>\n","protected":false},"author":1,"featured_media":0,"parent":2472,"menu_order":0,"comment_status":"closed","ping_status":"closed","template":"","meta":{"footnotes":""},"class_list":["post-2527","page","type-page","status-publish","hentry"],"_links":{"self":[{"href":"https:\/\/www.ericpetr.net\/en\/wp-json\/wp\/v2\/pages\/2527","targetHints":{"allow":["GET"]}}],"collection":[{"href":"https:\/\/www.ericpetr.net\/en\/wp-json\/wp\/v2\/pages"}],"about":[{"href":"https:\/\/www.ericpetr.net\/en\/wp-json\/wp\/v2\/types\/page"}],"author":[{"embeddable":true,"href":"https:\/\/www.ericpetr.net\/en\/wp-json\/wp\/v2\/users\/1"}],"replies":[{"embeddable":true,"href":"https:\/\/www.ericpetr.net\/en\/wp-json\/wp\/v2\/comments?post=2527"}],"version-history":[{"count":4,"href":"https:\/\/www.ericpetr.net\/en\/wp-json\/wp\/v2\/pages\/2527\/revisions"}],"predecessor-version":[{"id":2664,"href":"https:\/\/www.ericpetr.net\/en\/wp-json\/wp\/v2\/pages\/2527\/revisions\/2664"}],"up":[{"embeddable":true,"href":"https:\/\/www.ericpetr.net\/en\/wp-json\/wp\/v2\/pages\/2472"}],"wp:attachment":[{"href":"https:\/\/www.ericpetr.net\/en\/wp-json\/wp\/v2\/media?parent=2527"}],"curies":[{"name":"wp","href":"https:\/\/api.w.org\/{rel}","templated":true}]}}