{"id":2436,"date":"2021-12-19T17:13:07","date_gmt":"2021-12-19T17:13:07","guid":{"rendered":"https:\/\/www.ericpetr.net\/about-me\/"},"modified":"2026-02-12T16:52:25","modified_gmt":"2026-02-12T16:52:25","slug":"biography","status":"publish","type":"page","link":"https:\/\/www.ericpetr.net\/en\/biography\/","title":{"rendered":"About me"},"content":{"rendered":"\n<h1 class=\"wp-block-heading\">Biography of \u00c9ric Petr | Visual Artist and Fine Art Photographer Inspired by Japan<\/h1>\n\n\n\n<div class=\"wp-block-media-text is-stacked-on-mobile\" style=\"grid-template-columns:46% auto\"><figure class=\"wp-block-media-text__media\"><img loading=\"lazy\" decoding=\"async\" width=\"1024\" height=\"1024\" src=\"https:\/\/www.ericpetr.net\/wp-content\/uploads\/2024\/10\/EP_IMG_4885-Autoderision-1024x1024.jpg\" alt=\"\" class=\"wp-image-5523 size-full\" srcset=\"https:\/\/www.ericpetr.net\/wp-content\/uploads\/2024\/10\/EP_IMG_4885-Autoderision-1024x1024.jpg 1024w, https:\/\/www.ericpetr.net\/wp-content\/uploads\/2024\/10\/EP_IMG_4885-Autoderision-300x300.jpg 300w, https:\/\/www.ericpetr.net\/wp-content\/uploads\/2024\/10\/EP_IMG_4885-Autoderision-150x150.jpg 150w, https:\/\/www.ericpetr.net\/wp-content\/uploads\/2024\/10\/EP_IMG_4885-Autoderision-768x768.jpg 768w, https:\/\/www.ericpetr.net\/wp-content\/uploads\/2024\/10\/EP_IMG_4885-Autoderision-1536x1536.jpg 1536w, https:\/\/www.ericpetr.net\/wp-content\/uploads\/2024\/10\/EP_IMG_4885-Autoderision-100x100.jpg 100w, https:\/\/www.ericpetr.net\/wp-content\/uploads\/2024\/10\/EP_IMG_4885-Autoderision.jpg 1600w\" sizes=\"auto, (max-width: 767px) 89vw, (max-width: 1000px) 54vw, (max-width: 1071px) 543px, 580px\" \/><\/figure><div class=\"wp-block-media-text__content\">\n<p>I am <strong>\u00c9ric Petr<\/strong>, a visual artist and fine art photographer <strong>based in Marseille<\/strong>, whose work explores the boundaries between <strong>Japanese culture<\/strong>, <strong>light<\/strong> (as matter and energy), and <strong>writing<\/strong>.<\/p>\n\n\n\n<p>My artistic journey has been shaped by travel, encounters, and a deep fascination with places imbued with history and their resonance.<\/p>\n<\/div><\/div>\n\n\n\n<p>From an early age, my photographic work of <strong>the 1980s<\/strong>, through variations of light and matter, reflected on our relationship with the universe. My aesthetic choices initially leaned toward minimalist compositions and monochrome prints.<\/p>\n\n\n\n<p>However, the advent of digital technology in <strong>the early 1990s<\/strong> marked a period of questioning and reflection for me. A break from photography became inevitable, allowing me the time to reconsider my relationship with the image and the photographic device.<\/p>\n\n\n\n<p><strong>In 2003,<\/strong> the desire to create photographs again, in order to capture the timeless, suddenly asserted itself.<\/p>\n\n\n\n<div class=\"wp-block-media-text has-media-on-the-right is-stacked-on-mobile\" style=\"grid-template-columns:auto 47%\"><div class=\"wp-block-media-text__content\">\n<p><strong>Since 2013<\/strong>, I have been expressing myself as a visual artist.<\/p>\n\n\n\n<p><strong>From 2015<\/strong> onward, my work began to receive recognition through exhibitions and the publication of an artist\u2019s book with Corridor \u00c9l\u00e9phant editions.<\/p>\n\n\n\n<p><strong>Today<\/strong>, I continue this reflection on light through a very contemporary approach to image-making.<\/p>\n<\/div><figure class=\"wp-block-media-text__media\"><img loading=\"lazy\" decoding=\"async\" width=\"900\" height=\"900\" src=\"https:\/\/www.ericpetr.net\/wp-content\/uploads\/2021\/12\/EP_DSC_5723.jpg\" alt=\"\" class=\"wp-image-1822 size-full\" srcset=\"https:\/\/www.ericpetr.net\/wp-content\/uploads\/2021\/12\/EP_DSC_5723.jpg 900w, https:\/\/www.ericpetr.net\/wp-content\/uploads\/2021\/12\/EP_DSC_5723-300x300.jpg 300w, https:\/\/www.ericpetr.net\/wp-content\/uploads\/2021\/12\/EP_DSC_5723-150x150.jpg 150w, https:\/\/www.ericpetr.net\/wp-content\/uploads\/2021\/12\/EP_DSC_5723-768x768.jpg 768w, https:\/\/www.ericpetr.net\/wp-content\/uploads\/2021\/12\/EP_DSC_5723-100x100.jpg 100w\" sizes=\"auto, (max-width: 767px) 89vw, (max-width: 1000px) 54vw, (max-width: 1071px) 543px, 580px\" \/><\/figure><\/div>\n\n\n\n<p><strong>I am open to any artistic project<\/strong>, exhibition, or <strong>commissioned work<\/strong>. All my artworks are available for sale in limited editions, and I invite you to visit my <a href=\"https:\/\/www.ericpetr.net\/en\/art-shop\/\" type=\"page\" id=\"2467\">Art Shop<\/a> page.<\/p>\n\n\n\n<div style=\"height:35px\" aria-hidden=\"true\" class=\"wp-block-spacer\"><\/div>\n\n\n\n<h1 class=\"wp-block-heading\">CURRICULUM VITAE<\/h1>\n\n\n\n<h5 class=\"wp-block-heading\">\u30fbROLES &amp; POSITIONS<br>\u30fbEXHIBITIONS &amp; EVENTS<br>\u30fbARTICLES, PUBLICATIONS &amp; INTERVIEWS<\/h5>\n\n\n\n<div style=\"height:35px\" aria-hidden=\"true\" class=\"wp-block-spacer\"><\/div>\n\n\n\n<h2 class=\"wp-block-heading\">Meetings &amp; Jobs<\/h2>\n\n\n\n<div style=\"height:15px\" aria-hidden=\"true\" class=\"wp-block-spacer\"><\/div>\n\n\n\n<p>\u30fb<strong><a href=\"https:\/\/www.ericpetr.net\/en\/blogue\/opening-of-the-grande-vitrine-workshop-in-arles\/\" target=\"_blank\" rel=\"noreferrer noopener\">Founding Member of the Atelier de La Grande Vitrine in Arles since August 2025<\/a><\/strong><br>The Atelier de La Grande Vitrine in Arles is a place for exchange and awareness of artistic creation. It offers a multidisciplinary programme \u2014 exhibitions, performances, workshops, encounters \u2014 developed with artists and local partners. Open to discovery and contemporary practices, it unfolds in resonance with the cultural events of Arles.<\/p>\n\n\n\n<p>\u30fb<strong><a href=\"https:\/\/www.ericpetr.net\/en\/blogue\/do-you-know-the-cnfap\/\" target=\"_blank\" rel=\"noreferrer noopener\">Board Member of the Executive Committee of the CNFAP since June 2024<\/a><\/strong><br>The CNFAP [French National Council of Plastic Arts] is an organization dating from 1956 which stems from the creation of the IAA-AIAP, an NGO affiliated with UNESCO since 1952.<\/p>\n\n\n\n<div style=\"height:25px\" aria-hidden=\"true\" class=\"wp-block-spacer\"><\/div>\n\n\n\n<h2 class=\"wp-block-heading\">Exhibitions &amp; Events<\/h2>\n\n\n\n<h3 class=\"wp-block-heading\">2026<\/h3>\n\n\n\n<p>\u30fbParis [Abstract Projet Gallery] &#8220;Pixels \/ Pellicule&#8221; 5 &gt; 14.02 (group)<br>\u30fbHistoire de Livre(s) [ATELIER La Grande Vitrine] Artist\u2019s Books 20 &gt; 22.02<br>\u30fbUji \u2014 Ky\u014dto [International Exchange Art Exhibition in Uji] 18 &gt; 22.03 (group)<\/p>\n\n\n\n<h3 class=\"wp-block-heading\">2025<\/h3>\n\n\n\n<p>\u30fbFuzhou (China) [G-Lake Art Gallery \u6842\u6e56\u7f8e\u672f\u9986] &amp; R\u00e9alit\u00e9s Nouvelles Jan &gt; Feb (group)<br>\u30fb[CANCEL] Rio de Janeiro (Brazil) [Espa\u00e7o Cultural Niter\u00f3i] &amp; ]RN structure[ 5.07 &gt; 16.08<br>\u30fbArles [Atelier de La Grande Vitrine] \u2014 Exhibition <em>Spiritual Odysseys<\/em> 30.09 &gt; 05.10 (solo)<\/p>\n\n\n\n<h3 class=\"wp-block-heading\">2024<\/h3>\n\n\n\n<p>\u30fbParis [Abstract Projet Gallery] &#8220;Abstract Propositions&#8221; January (groupe)<br>\u30fbShenyang (China) [Galerie 1905] &amp; R\u00e9alit\u00e9s Nouvelles Sept &gt; Nov (groupe)<br>\u30fbValencia (Spain) [Casa de la Cultura] CIAE of the UPV &amp; CNFAP Nov &gt; Dec (group)<\/p>\n\n\n\n<h3 class=\"wp-block-heading\">2023<\/h3>\n\n\n\n<p>\u30fbParis Town Hall 8th | CNFAP [Thema : For\u00eats] March 13~25 (group)<br>\u30fbArles CNFAP &amp; La Grande Vitrine [Rencontre Art &amp; Philo] March 28 (solo)<br>\u30fbKy\u014dto [RN Hors les Murs] April 26~30 (group)<br>\u30fbParis Ville A des Arts | CNFAP [Thema : Murmur] October 3~15 (group)<\/p>\n\n\n\n<h3 class=\"wp-block-heading\">2022<\/h3>\n\n\n\n<p>\u30fbVirtual exhibition in 3D [DF Art Project] March \/ April (group)<br>\u30fbPoitiers [LE BLOC] DF Art Project, May (group)<br>\u30fbParis [Destrucuralisme Figuratif] Pavillon of Parc Floral, October (group)<br>\u30fbParis [&#8220;New Realities&#8221; Exhibition 2022] October (group) \u200b<\/p>\n\n\n\n<h3 class=\"wp-block-heading\">2021<\/h3>\n\n\n\n<p>\u30fbMarseille  [H\u00f4tel Le Corbusier] May to September (solo)<br>\u30fbParis  [Galerie Le G\u00e9nie de la Bastille] DF Art Project, June (group)<br>\u30fbParis [Festival \u00c9l\u00e9phant in the Room]  Corridor Elephant, TK21 <br> &amp; Vanda Spengler, September (group)<br>\u30fbParis  [Galerie M\u00e9moire de l&#8217;Avenir] DF Art Project, September (group)<br>\u30fbParis  [Abstract Projet Gallery] July (group)<br>\u30fbParis Convent of the Cordeliers [R\u00e9alit\u00e9s Nouvelles 2021]  October (group) \u200b<\/p>\n\n\n\n<h3 class=\"wp-block-heading\">2020<\/h3>\n\n\n\n<p>\u30fbParis  [Abstract Projet Gallery] July (group)<br>\u30fbMember of the Jury | Selection of NIEPCEBOOK #14<\/p>\n\n\n\n<h3 class=\"wp-block-heading\">2019<\/h3>\n\n\n\n<p>\u30fb[Fontaine Obscure] Presentation of my work, January (solo)<br>\u30fbCassis (13) [5th Photographic Art Meetings] February (group)<br>\u30fbFlorence [Galleria Merlino Bottega d&#8217;Arte] March (group)<br>\u30fbLondon [Royal Opera Arcade Gallery] April (group)<br>\u30fbArles [Festival Voies Off 2019] La Grande Vitrine Gallery (group)<br>\u30fbEygui\u00e8res (13) [Parc des Fr\u00e8res Recordier] August (Nomade Collective)<br>\u30fbShenyang (China) [Galerie 1905] &amp; R\u00e9alit\u00e9s Nouvelles July to October (group)<br>\u30fbShenyang (China) [Acad\u00e9mie des Beaux Arts] &amp; R\u00e9alit\u00e9s Nouvelles September (group)<br>\u30fbParis [73rd &#8220;New Realities&#8221; Exhibition] October (group)<br>\u30fbTokyo [Ringoya Gallery] November (duet)<br>\u30fbMember of the Jury | Selection of NIEPCEBOOK #11<\/p>\n\n\n\n<h3 class=\"wp-block-heading\">2018<\/h3>\n\n\n\n<p>\u30fbEygui\u00e8res (13) [Galerie Agora] January (group)<br>\u30fb[Rendez-vous aux Jardins] National event, June (group)<br>\u30fbMarseilles [Espace 3013] with CPM October (group)<br>\u30fbParis [72rd &#8220;New Realities&#8221; Exhibition] October (group)<br>\u30fbTokyo [AS Antiques Gallery] November (trio)<br>\u30fbMarseilles [Espace GT Art Contemporain] December (group)<\/p>\n\n\n\n<h3 class=\"wp-block-heading\">2017<\/h3>\n\n\n\n<p>\u30fbMarseille [A\u00e9roport Hall4] March (solo)<br>\u30fbParis [Abstract Projet Gallery] April (group)<br>\u30fbBernin, Ch\u00e2teau de La Veyrie with ]RN structure[ May to September (group)<br>\u30fbCarry (13) [3rd Photographic Art Exhibition] October (group)<br>\u30fbParis [71rd &#8220;New Realities&#8221; Exhibition] October (group)<br>\u30fbTokyo [Ringoya Gallery] November (duet)<br>\u30fbMarseille [Espace GT Art Contemporain] December (group)<\/p>\n\n\n\n<h3 class=\"wp-block-heading\">2016<\/h3>\n\n\n\n<p>\u30fbParis [70rd &#8220;New Realities&#8221; Exhibition] October (group)<\/p>\n\n\n\n<div style=\"height:70px\" aria-hidden=\"true\" class=\"wp-block-spacer\"><\/div>\n\n\n\n<h2 class=\"wp-block-heading\">Articles, Editions &amp; Interviews<\/h2>\n\n\n\n<div style=\"height:25px\" aria-hidden=\"true\" class=\"wp-block-spacer\"><\/div>\n\n\n\n<p>February 2026 &gt; &nbsp; Publication of the photographic book &#8220;\u00c0 FLEUR DE LUMI\u00c8RE&#8221; in limited edition at CORRIDOR \u00c9L\u00c9PHANT<\/p>\n\n\n\n<p>February 2024\u30fbPresentation of my artwork | SMARIS ELAPHUS Review No. 01<\/p>\n\n\n\n<p>D\u00e9cembre 2022 &gt; &nbsp; Article &#8220;Et la lumi\u00e8re fut !&#8221; by Alison Moss in the LE QUOTIDIEN DE L&#8217;ART Magazine<\/p>\n\n\n\n<p>May 2021 &gt; &nbsp; Analysis text on my photographic story &#8220;NUIT RADIEUSE&#8221; in the Contemporary Art Review CANOLINE CRITIKS<\/p>\n\n\n\n<p>May 2019 &gt; &nbsp; Publication on my photographic story AMOUR in the art magazine TK-21<\/p>\n\n\n\n<p>April 2019 &gt; &nbsp; Article in ART EXPERTISE magazine&nbsp;<\/p>\n\n\n\n<p>January 2019 &gt; &nbsp; Dreamlike portrait by the writer PATRICK LOWIE published by PAT editions &nbsp;<\/p>\n\n\n\n<p>September 2018 &gt; &nbsp; Minute portrait by Alceste Louleux in the Contemporary Photography Review CORRIDOR \u00c9L\u00c9PHANT<\/p>\n\n\n\n<p>March 2018 &gt; &nbsp; Analytical text on my photographic story AMOUR in the Contemporary Art Review CANOLINE CRITIKS<\/p>\n\n\n\n<p>February 2018 &gt; &nbsp; Interview by Pierre L\u00e9otard in the photographic magazine 9 LIVES&nbsp;<\/p>\n\n\n\n<p>January 2018 &gt; &nbsp; Photographic analysis in the Italian magazine SCRIPTPHOTOGRAPHY by Giuseppe Cicozzetti<\/p>\n\n\n\n<p>April 2017 &gt;  &nbsp;  Interview in THE EYE OF PHOTOGRAPHY<\/p>\n\n\n\n<p>February 2017 &gt; &nbsp; Publication of the photographic book &#8220;SPIRITUALS ODYSSEY&#8221; in limited edition at CORRIDOR \u00c9L\u00c9PHANT<\/p>\n\n\n\n<p>November 2016  &gt; &nbsp;  Interview in LELITTERAIRE.com with art critic Jean-Paul Gavard-Perret<\/p>\n\n\n\n<p><\/p>\n\n\n\n<p><\/p>\n\n\n\n<p><\/p>\n\n\n\n<p><\/p>\n\n\n\n<p><\/p>\n\n\n\n<p><\/p>\n\n\n\n<p>\u200b<\/p>\n","protected":false},"excerpt":{"rendered":"<p>Biography of \u00c9ric Petr | Visual Artist and Fine Art Photographer Inspired by Japan I am \u00c9ric Petr, a visual artist and fine art photographer based in Marseille, whose work explores the boundaries between Japanese culture, light (as matter and energy), and writing. My artistic journey has been shaped by travel, encounters, and a deep &hellip; <\/p>\n<p class=\"link-more\"><a href=\"https:\/\/www.ericpetr.net\/en\/biography\/\" class=\"more-link\">Continue reading<span class=\"screen-reader-text\"> &#8220;About me&#8221;<\/span><\/a><\/p>\n","protected":false},"author":1,"featured_media":0,"parent":0,"menu_order":0,"comment_status":"closed","ping_status":"closed","template":"","meta":{"footnotes":""},"class_list":["post-2436","page","type-page","status-publish","hentry"],"_links":{"self":[{"href":"https:\/\/www.ericpetr.net\/en\/wp-json\/wp\/v2\/pages\/2436","targetHints":{"allow":["GET"]}}],"collection":[{"href":"https:\/\/www.ericpetr.net\/en\/wp-json\/wp\/v2\/pages"}],"about":[{"href":"https:\/\/www.ericpetr.net\/en\/wp-json\/wp\/v2\/types\/page"}],"author":[{"embeddable":true,"href":"https:\/\/www.ericpetr.net\/en\/wp-json\/wp\/v2\/users\/1"}],"replies":[{"embeddable":true,"href":"https:\/\/www.ericpetr.net\/en\/wp-json\/wp\/v2\/comments?post=2436"}],"version-history":[{"count":114,"href":"https:\/\/www.ericpetr.net\/en\/wp-json\/wp\/v2\/pages\/2436\/revisions"}],"predecessor-version":[{"id":7256,"href":"https:\/\/www.ericpetr.net\/en\/wp-json\/wp\/v2\/pages\/2436\/revisions\/7256"}],"wp:attachment":[{"href":"https:\/\/www.ericpetr.net\/en\/wp-json\/wp\/v2\/media?parent=2436"}],"curies":[{"name":"wp","href":"https:\/\/api.w.org\/{rel}","templated":true}]}}